{"id":49,"date":"2020-10-02T13:04:29","date_gmt":"2020-10-02T11:04:29","guid":{"rendered":"http:\/\/aufildesetudes.fr\/?page_id=49"},"modified":"2025-10-02T10:55:36","modified_gmt":"2025-10-02T08:55:36","slug":"landing-page-au-fil-des-etudes","status":"publish","type":"page","link":"https:\/\/aufildesetudes.fr\/","title":{"rendered":"Au fil des \u00e9tudes"},"content":{"rendered":"\t\t<div data-elementor-type=\"wp-page\" data-elementor-id=\"49\" class=\"elementor elementor-49\">\n\t\t\t\t\t\t<section class=\"elementor-section elementor-top-section elementor-element elementor-element-cc5b00f elementor-section-height-min-height elementor-section-items-stretch elementor-section-content-top elementor-section-boxed elementor-section-height-default\" data-id=\"cc5b00f\" data-element_type=\"section\" data-settings=\"{&quot;background_background&quot;:&quot;classic&quot;}\">\n\t\t\t\t\t\t<div class=\"elementor-container elementor-column-gap-default\">\n\t\t\t\t\t<div class=\"elementor-column elementor-col-100 elementor-top-column elementor-element elementor-element-05b9080\" data-id=\"05b9080\" data-element_type=\"column\">\n\t\t\t<div class=\"elementor-widget-wrap elementor-element-populated\">\n\t\t\t\t\t\t<div class=\"elementor-element elementor-element-7917b6d elementor-widget elementor-widget-image\" data-id=\"7917b6d\" data-element_type=\"widget\" data-widget_type=\"image.default\">\n\t\t\t\t<div class=\"elementor-widget-container\">\n\t\t\t\t\t\t\t\t\t\t\t\t\t\t\t<img fetchpriority=\"high\" decoding=\"async\" width=\"492\" height=\"600\" src=\"https:\/\/aufildesetudes.fr\/wp-content\/uploads\/2020\/10\/AFDE-logo.png\" class=\"attachment-large size-large wp-image-104\" alt=\"\" srcset=\"https:\/\/aufildesetudes.fr\/wp-content\/uploads\/2020\/10\/AFDE-logo.png 492w, https:\/\/aufildesetudes.fr\/wp-content\/uploads\/2020\/10\/AFDE-logo-246x300.png 246w\" sizes=\"(max-width: 492px) 100vw, 492px\" \/>\t\t\t\t\t\t\t\t\t\t\t\t\t\t\t<\/div>\n\t\t\t\t<\/div>\n\t\t\t\t<div class=\"elementor-element elementor-element-5a280cc elementor-widget elementor-widget-text-editor\" data-id=\"5a280cc\" data-element_type=\"widget\" data-widget_type=\"text-editor.default\">\n\t\t\t\t<div class=\"elementor-widget-container\">\n\t\t\t\t\t\t\t\t\t<p>Accompagnement scolaire et conseil en orientation<\/p>\t\t\t\t\t\t\t\t<\/div>\n\t\t\t\t<\/div>\n\t\t\t\t<div class=\"elementor-element elementor-element-71c3b3f elementor-align-center elementor-widget elementor-widget-button\" data-id=\"71c3b3f\" data-element_type=\"widget\" data-widget_type=\"button.default\">\n\t\t\t\t<div class=\"elementor-widget-container\">\n\t\t\t\t\t\t\t\t\t<div class=\"elementor-button-wrapper\">\n\t\t\t\t\t<a class=\"elementor-button elementor-button-link elementor-size-lg\" href=\"mailto:aufildesetudes.secretariat@gmail.com\">\n\t\t\t\t\t\t<span class=\"elementor-button-content-wrapper\">\n\t\t\t\t\t\t\t\t\t<span class=\"elementor-button-text\">NOUS CONTACTER<\/span>\n\t\t\t\t\t<\/span>\n\t\t\t\t\t<\/a>\n\t\t\t\t<\/div>\n\t\t\t\t\t\t\t\t<\/div>\n\t\t\t\t<\/div>\n\t\t\t\t<div class=\"elementor-element elementor-element-d50b31e elementor-widget elementor-widget-text-editor\" data-id=\"d50b31e\" data-element_type=\"widget\" data-widget_type=\"text-editor.default\">\n\t\t\t\t<div class=\"elementor-widget-container\">\n\t\t\t\t\t\t\t\t\t<p class=\"p1\">AU 01 40 26 91 77<\/p><p class=\"p1\">DU LUNDI AU VENDREDI DE 10 HEURES A 18 HEURES<\/p><p class=\"p2\"><span class=\"s1\">OU <a href=\"mailto:aufildesetudes.secretariat@gmail.com\"><span class=\"s2\">aufildesetudes.secretariat@gmail.com<\/span><\/a><\/span><\/p>\t\t\t\t\t\t\t\t<\/div>\n\t\t\t\t<\/div>\n\t\t\t\t\t<\/div>\n\t\t<\/div>\n\t\t\t\t\t<\/div>\n\t\t<\/section>\n\t\t\t\t<section class=\"elementor-section elementor-top-section elementor-element elementor-element-86f8fd1 elementor-section-boxed elementor-section-height-default elementor-section-height-default\" data-id=\"86f8fd1\" data-element_type=\"section\">\n\t\t\t\t\t\t<div class=\"elementor-container elementor-column-gap-no\">\n\t\t\t\t\t<div class=\"elementor-column elementor-col-100 elementor-top-column elementor-element elementor-element-58c8a4c\" data-id=\"58c8a4c\" data-element_type=\"column\">\n\t\t\t<div class=\"elementor-widget-wrap elementor-element-populated\">\n\t\t\t\t\t\t<section class=\"elementor-section elementor-inner-section elementor-element elementor-element-7e60368 elementor-section-boxed elementor-section-height-default elementor-section-height-default\" data-id=\"7e60368\" data-element_type=\"section\">\n\t\t\t\t\t\t<div class=\"elementor-container elementor-column-gap-default\">\n\t\t\t\t\t<div class=\"elementor-column elementor-col-100 elementor-inner-column elementor-element elementor-element-224fed8\" data-id=\"224fed8\" data-element_type=\"column\">\n\t\t\t<div class=\"elementor-widget-wrap elementor-element-populated\">\n\t\t\t\t\t\t<div class=\"elementor-element elementor-element-6ff13a0 elementor-widget elementor-widget-heading\" data-id=\"6ff13a0\" data-element_type=\"widget\" data-widget_type=\"heading.default\">\n\t\t\t\t<div class=\"elementor-widget-container\">\n\t\t\t\t\t<h1 class=\"elementor-heading-title elementor-size-default\">Depuis plus de 20 ans,<\/h1>\t\t\t\t<\/div>\n\t\t\t\t<\/div>\n\t\t\t\t<div class=\"elementor-element elementor-element-3a64700 elementor-widget elementor-widget-text-editor\" data-id=\"3a64700\" data-element_type=\"widget\" data-widget_type=\"text-editor.default\">\n\t\t\t\t<div class=\"elementor-widget-container\">\n\t\t\t\t\t\t\t\t\t<p><strong>Au fil des \u00e9tudes <\/strong>accompagne les \u00e9tudiants dans leurs \u00e9tudes et vers des formations personnalis\u00e9es, de la seconde au master 2.<\/p>\t\t\t\t\t\t\t\t<\/div>\n\t\t\t\t<\/div>\n\t\t\t\t\t<\/div>\n\t\t<\/div>\n\t\t\t\t\t<\/div>\n\t\t<\/section>\n\t\t\t\t\t<\/div>\n\t\t<\/div>\n\t\t\t\t\t<\/div>\n\t\t<\/section>\n\t\t\t\t<section class=\"elementor-section elementor-top-section elementor-element elementor-element-a37fd67 elementor-section-height-min-height elementor-section-items-stretch elementor-section-boxed elementor-section-height-default\" data-id=\"a37fd67\" data-element_type=\"section\">\n\t\t\t\t\t\t<div class=\"elementor-container elementor-column-gap-default\">\n\t\t\t\t\t<div class=\"make-column-clickable-elementor elementor-column elementor-col-50 elementor-top-column elementor-element elementor-element-b4db944\" style=\"cursor: pointer;\" data-column-clickable=\"http:\/\/aufildesetudes.fr\/index.php\/orientation-scolaire\/\" data-column-clickable-blank=\"_self\" data-id=\"b4db944\" data-element_type=\"column\" data-settings=\"{&quot;background_background&quot;:&quot;classic&quot;}\">\n\t\t\t<div class=\"elementor-widget-wrap elementor-element-populated\">\n\t\t\t\t\t\t<div class=\"elementor-element elementor-element-a10b317 elementor-widget elementor-widget-text-editor\" data-id=\"a10b317\" data-element_type=\"widget\" data-widget_type=\"text-editor.default\">\n\t\t\t\t<div class=\"elementor-widget-container\">\n\t\t\t\t\t\t\t\t\t<p class=\"p1\">Accompagnement<\/p><p class=\"p1\">scolaire et<\/p><p class=\"p1\">orientation<\/p>\t\t\t\t\t\t\t\t<\/div>\n\t\t\t\t<\/div>\n\t\t\t\t\t<\/div>\n\t\t<\/div>\n\t\t\t\t<div class=\"make-column-clickable-elementor elementor-column elementor-col-50 elementor-top-column elementor-element elementor-element-ac0b2b7\" style=\"cursor: pointer;\" data-column-clickable=\"http:\/\/aufildesetudes.fr\/index.php\/etudes-en-france\/\" data-column-clickable-blank=\"_self\" data-id=\"ac0b2b7\" data-element_type=\"column\" data-settings=\"{&quot;background_background&quot;:&quot;classic&quot;}\">\n\t\t\t<div class=\"elementor-widget-wrap elementor-element-populated\">\n\t\t\t\t\t\t<div class=\"elementor-element elementor-element-5e1e8c4 elementor-widget elementor-widget-text-editor\" data-id=\"5e1e8c4\" data-element_type=\"widget\" data-widget_type=\"text-editor.default\">\n\t\t\t\t<div class=\"elementor-widget-container\">\n\t\t\t\t\t\t\t\t\t<p class=\"p1\">L\u2019orientation<\/p><p class=\"p1\">en France<\/p>\t\t\t\t\t\t\t\t<\/div>\n\t\t\t\t<\/div>\n\t\t\t\t\t<\/div>\n\t\t<\/div>\n\t\t\t\t\t<\/div>\n\t\t<\/section>\n\t\t\t\t<section class=\"elementor-section elementor-top-section elementor-element elementor-element-f96e8c6 elementor-section-height-min-height elementor-section-items-stretch elementor-section-boxed elementor-section-height-default\" data-id=\"f96e8c6\" data-element_type=\"section\">\n\t\t\t\t\t\t<div class=\"elementor-container elementor-column-gap-default\">\n\t\t\t\t\t<div class=\"make-column-clickable-elementor elementor-column elementor-col-50 elementor-top-column elementor-element elementor-element-ca58af6\" style=\"cursor: pointer;\" data-column-clickable=\"http:\/\/aufildesetudes.fr\/index.php\/etudes-a-letranger\/\" data-column-clickable-blank=\"_self\" data-id=\"ca58af6\" data-element_type=\"column\" data-settings=\"{&quot;background_background&quot;:&quot;classic&quot;}\">\n\t\t\t<div class=\"elementor-widget-wrap elementor-element-populated\">\n\t\t\t\t\t\t<div class=\"elementor-element elementor-element-938d900 elementor-widget elementor-widget-text-editor\" data-id=\"938d900\" data-element_type=\"widget\" data-widget_type=\"text-editor.default\">\n\t\t\t\t<div class=\"elementor-widget-container\">\n\t\t\t\t\t\t\t\t\t<p class=\"p2\">L\u2019orientation<\/p><p class=\"p2\">en france et<\/p><p class=\"p2\">\u00e0 l\u2019\u00e9tranger<\/p>\t\t\t\t\t\t\t\t<\/div>\n\t\t\t\t<\/div>\n\t\t\t\t\t<\/div>\n\t\t<\/div>\n\t\t\t\t<div class=\"make-column-clickable-elementor elementor-column elementor-col-50 elementor-top-column elementor-element elementor-element-e160721\" style=\"cursor: pointer;\" data-column-clickable=\"http:\/\/aufildesetudes.fr\/index.php\/nos-stages\/\" data-column-clickable-blank=\"_self\" data-id=\"e160721\" data-element_type=\"column\" data-settings=\"{&quot;background_background&quot;:&quot;classic&quot;}\">\n\t\t\t<div class=\"elementor-widget-wrap elementor-element-populated\">\n\t\t\t\t\t\t<div class=\"elementor-element elementor-element-f1da397 elementor-widget elementor-widget-text-editor\" data-id=\"f1da397\" data-element_type=\"widget\" data-widget_type=\"text-editor.default\">\n\t\t\t\t<div class=\"elementor-widget-container\">\n\t\t\t\t\t\t\t\t\t<p class=\"p1\">Nos stages<\/p>\t\t\t\t\t\t\t\t<\/div>\n\t\t\t\t<\/div>\n\t\t\t\t\t<\/div>\n\t\t<\/div>\n\t\t\t\t\t<\/div>\n\t\t<\/section>\n\t\t\t\t<section class=\"elementor-section elementor-top-section elementor-element elementor-element-3e29ecd elementor-section-full_width elementor-section-stretched elementor-section-height-default elementor-section-height-default\" data-id=\"3e29ecd\" data-element_type=\"section\" data-settings=\"{&quot;stretch_section&quot;:&quot;section-stretched&quot;}\">\n\t\t\t\t\t\t<div class=\"elementor-container elementor-column-gap-default\">\n\t\t\t\t\t<div class=\"elementor-column elementor-col-100 elementor-top-column elementor-element elementor-element-eec9ceb\" data-id=\"eec9ceb\" data-element_type=\"column\">\n\t\t\t<div class=\"elementor-widget-wrap elementor-element-populated\">\n\t\t\t\t\t\t<div class=\"elementor-element elementor-element-2cdf380 elementor-widget elementor-widget-spacer\" data-id=\"2cdf380\" data-element_type=\"widget\" data-widget_type=\"spacer.default\">\n\t\t\t\t<div class=\"elementor-widget-container\">\n\t\t\t\t\t\t\t<div class=\"elementor-spacer\">\n\t\t\t<div class=\"elementor-spacer-inner\"><\/div>\n\t\t<\/div>\n\t\t\t\t\t\t<\/div>\n\t\t\t\t<\/div>\n\t\t\t\t\t<\/div>\n\t\t<\/div>\n\t\t\t\t\t<\/div>\n\t\t<\/section>\n\t\t\t\t<section class=\"elementor-section elementor-top-section elementor-element elementor-element-e9dbf62 elementor-section-boxed elementor-section-height-default elementor-section-height-default\" data-id=\"e9dbf62\" data-element_type=\"section\">\n\t\t\t\t\t\t<div class=\"elementor-container elementor-column-gap-default\">\n\t\t\t\t\t<div class=\"elementor-column elementor-col-100 elementor-top-column elementor-element elementor-element-ff03ae7\" data-id=\"ff03ae7\" data-element_type=\"column\">\n\t\t\t<div class=\"elementor-widget-wrap elementor-element-populated\">\n\t\t\t\t\t\t<div class=\"elementor-element elementor-element-de636c8 elementor-widget elementor-widget-heading\" data-id=\"de636c8\" data-element_type=\"widget\" data-widget_type=\"heading.default\">\n\t\t\t\t<div class=\"elementor-widget-container\">\n\t\t\t\t\t<h2 class=\"elementor-heading-title elementor-size-default\">T\u00c9MOIGNAGES<\/h2>\t\t\t\t<\/div>\n\t\t\t\t<\/div>\n\t\t\t\t\t<\/div>\n\t\t<\/div>\n\t\t\t\t\t<\/div>\n\t\t<\/section>\n\t\t\t\t<section class=\"elementor-section elementor-top-section elementor-element elementor-element-781ff58 elementor-section-boxed elementor-section-height-default elementor-section-height-default\" data-id=\"781ff58\" data-element_type=\"section\">\n\t\t\t\t\t\t<div class=\"elementor-container elementor-column-gap-default\">\n\t\t\t\t\t<div class=\"elementor-column elementor-col-100 elementor-top-column elementor-element elementor-element-c0596c5\" data-id=\"c0596c5\" data-element_type=\"column\">\n\t\t\t<div class=\"elementor-widget-wrap elementor-element-populated\">\n\t\t\t\t\t\t<section class=\"elementor-section elementor-inner-section elementor-element elementor-element-fe32cb5 elementor-section-boxed elementor-section-height-default elementor-section-height-default\" data-id=\"fe32cb5\" data-element_type=\"section\">\n\t\t\t\t\t\t<div class=\"elementor-container elementor-column-gap-default\">\n\t\t\t\t\t<div class=\"elementor-column elementor-col-50 elementor-inner-column elementor-element elementor-element-3b12820\" data-id=\"3b12820\" data-element_type=\"column\">\n\t\t\t<div class=\"elementor-widget-wrap elementor-element-populated\">\n\t\t\t\t\t\t<div class=\"elementor-element elementor-element-a707c8c elementor-widget elementor-widget-text-editor\" data-id=\"a707c8c\" data-element_type=\"widget\" data-widget_type=\"text-editor.default\">\n\t\t\t\t<div class=\"elementor-widget-container\">\n\t\t\t\t\t\t\t\t\t<div dir=\"auto\"><strong>L\u00e9a<\/strong>, ancienne \u00e9l\u00e8ve\u00a0<\/div><div dir=\"auto\">Madame Renaud a \u00e9t\u00e9 d&rsquo;une aide pr\u00e9cieuse dans la r\u00e9alisation de mes objectifs acad\u00e9miques et dans l&rsquo;obtention de l&rsquo;\u00e9cole de mon choix. Gr\u00e2ce \u00e0 sa grande connaissance des diff\u00e9rentes \u00e9coles et cursus, Madame Renaud offre de tr\u00e8s bons conseils. Je la remercie et la recommande \u00e0 tous les \u00e9tudiants.<\/div>\t\t\t\t\t\t\t\t<\/div>\n\t\t\t\t<\/div>\n\t\t\t\t\t<\/div>\n\t\t<\/div>\n\t\t\t\t<div class=\"elementor-column elementor-col-50 elementor-inner-column elementor-element elementor-element-5c815f8\" data-id=\"5c815f8\" data-element_type=\"column\">\n\t\t\t<div class=\"elementor-widget-wrap elementor-element-populated\">\n\t\t\t\t\t\t<div class=\"elementor-element elementor-element-58be9d4 elementor-widget elementor-widget-text-editor\" data-id=\"58be9d4\" data-element_type=\"widget\" data-widget_type=\"text-editor.default\">\n\t\t\t\t<div class=\"elementor-widget-container\">\n\t\t\t\t\t\t\t\t\t<div dir=\"auto\"><strong>Sandrine<\/strong><\/div>\n<div dir=\"auto\">Madame Renaud a accompagn\u00e9 notre fille durant toute son ann\u00e9e de Terminale. Celle-ci voulant \u00e9tudier \u00e0 l&rsquo;\u00e9tranger, Madame Renaud nous a guid\u00e9 et indiqu\u00e9 des possibilit\u00e9s auxquelles nous n&rsquo;avions m\u00eame pas pens\u00e9 au d\u00e9part, notamment des University Colleges aux Pays-Bas. Au fil des \u00e9tudes (avec Christina&nbsp;M\u00f6ller-Theulle<span style=\"font-size: 1rem;\">) nous a ensuite aid\u00e9 tr\u00e8s efficacement pour la constitution des dossiers, &nbsp;leur relecture, les d\u00e9marches administratives et pour r\u00e9aliser in fine un choix.<\/span><\/div>\n<div dir=\"auto\">Madame Renaud est dynamique, positive, \u00e0 l&rsquo;\u00e9coute et le contact est tr\u00e8s agr\u00e9able. M\u00eame si elle est tr\u00e8s occup\u00e9e, elle reste toujours disponible. Notre fille a eu la plupart de ses v\u0153ux et elle part \u00e0 l&rsquo;\u00e9tranger l&rsquo;ann\u00e9e prochaine. Un grand merci \u00e0 Madame Renaud et \u00e0 Christina&nbsp;M\u00f6ller-Theulle pour leur accompagnement !<\/div>\n<div dir=\"auto\">A noter d&rsquo;ailleurs qu&rsquo;Au Fil des \u00c9tudes avait d\u00e9j\u00e0 suivi notre fille ain\u00e9e lors de sa Terminale avec la m\u00eame bienveillance et le m\u00eame efficacit\u00e9.<\/div>\t\t\t\t\t\t\t\t<\/div>\n\t\t\t\t<\/div>\n\t\t\t\t\t<\/div>\n\t\t<\/div>\n\t\t\t\t\t<\/div>\n\t\t<\/section>\n\t\t\t\t\t<\/div>\n\t\t<\/div>\n\t\t\t\t\t<\/div>\n\t\t<\/section>\n\t\t\t\t<\/div>\n\t\t","protected":false},"excerpt":{"rendered":"<p>Accompagnement scolaire et conseil en orientation NOUS CONTACTER AU 01 40 26 91 77 DU LUNDI AU VENDREDI DE 10 HEURES A 18 HEURES OU aufildesetudes.secretariat@gmail.com Depuis plus de 20 ans, Au fil des \u00e9tudes accompagne les \u00e9tudiants dans leurs \u00e9tudes et vers des formations personnalis\u00e9es, de la seconde au master 2. Accompagnement scolaire et [&hellip;]<\/p>\n","protected":false},"author":1,"featured_media":0,"parent":0,"menu_order":0,"comment_status":"closed","ping_status":"closed","template":"elementor_canvas","meta":{"footnotes":""},"class_list":["post-49","page","type-page","status-publish","hentry"],"yoast_head":"<!-- This site is optimized with the Yoast SEO plugin v23.4 - https:\/\/yoast.com\/wordpress\/plugins\/seo\/ -->\n<title>Au fil des \u00e9tudes -<\/title>\n<meta name=\"robots\" content=\"index, follow, max-snippet:-1, max-image-preview:large, max-video-preview:-1\" \/>\n<link rel=\"canonical\" href=\"https:\/\/aufildesetudes.fr\/\" \/>\n<meta property=\"og:locale\" content=\"fr_FR\" \/>\n<meta property=\"og:type\" content=\"article\" \/>\n<meta property=\"og:title\" content=\"Au fil des \u00e9tudes -\" \/>\n<meta property=\"og:description\" content=\"Accompagnement scolaire et conseil en orientation NOUS CONTACTER AU 01 40 26 91 77 DU LUNDI AU VENDREDI DE 10 HEURES A 18 HEURES OU aufildesetudes.secretariat@gmail.com Depuis plus de 20 ans, Au fil des \u00e9tudes accompagne les \u00e9tudiants dans leurs \u00e9tudes et vers des formations personnalis\u00e9es, de la seconde au master 2. Accompagnement scolaire et [&hellip;]\" \/>\n<meta property=\"og:url\" content=\"https:\/\/aufildesetudes.fr\/\" \/>\n<meta property=\"article:modified_time\" content=\"2025-10-02T08:55:36+00:00\" \/>\n<meta property=\"og:image\" content=\"https:\/\/aufildesetudes.fr\/wp-content\/uploads\/2020\/10\/AFDE-logo.png\" \/>\n<meta name=\"twitter:card\" content=\"summary_large_image\" \/>\n<meta name=\"twitter:label1\" content=\"Dur\u00e9e de lecture estim\u00e9e\" \/>\n\t<meta name=\"twitter:data1\" content=\"2 minutes\" \/>\n<script type=\"application\/ld+json\" class=\"yoast-schema-graph\">{\"@context\":\"https:\/\/schema.org\",\"@graph\":[{\"@type\":\"WebPage\",\"@id\":\"https:\/\/aufildesetudes.fr\/\",\"url\":\"https:\/\/aufildesetudes.fr\/\",\"name\":\"Au fil des \u00e9tudes -\",\"isPartOf\":{\"@id\":\"https:\/\/aufildesetudes.fr\/#website\"},\"primaryImageOfPage\":{\"@id\":\"https:\/\/aufildesetudes.fr\/#primaryimage\"},\"image\":{\"@id\":\"https:\/\/aufildesetudes.fr\/#primaryimage\"},\"thumbnailUrl\":\"https:\/\/aufildesetudes.fr\/wp-content\/uploads\/2020\/10\/AFDE-logo.png\",\"datePublished\":\"2020-10-02T11:04:29+00:00\",\"dateModified\":\"2025-10-02T08:55:36+00:00\",\"breadcrumb\":{\"@id\":\"https:\/\/aufildesetudes.fr\/#breadcrumb\"},\"inLanguage\":\"fr-FR\",\"potentialAction\":[{\"@type\":\"ReadAction\",\"target\":[\"https:\/\/aufildesetudes.fr\/\"]}]},{\"@type\":\"ImageObject\",\"inLanguage\":\"fr-FR\",\"@id\":\"https:\/\/aufildesetudes.fr\/#primaryimage\",\"url\":\"https:\/\/aufildesetudes.fr\/wp-content\/uploads\/2020\/10\/AFDE-logo.png\",\"contentUrl\":\"https:\/\/aufildesetudes.fr\/wp-content\/uploads\/2020\/10\/AFDE-logo.png\"},{\"@type\":\"BreadcrumbList\",\"@id\":\"https:\/\/aufildesetudes.fr\/#breadcrumb\",\"itemListElement\":[{\"@type\":\"ListItem\",\"position\":1,\"name\":\"Accueil\",\"item\":\"https:\/\/aufildesetudes.fr\/\"},{\"@type\":\"ListItem\",\"position\":2,\"name\":\"Au fil des \u00e9tudes\"}]},{\"@type\":\"WebSite\",\"@id\":\"https:\/\/aufildesetudes.fr\/#website\",\"url\":\"https:\/\/aufildesetudes.fr\/\",\"name\":\"\",\"description\":\"\",\"potentialAction\":[{\"@type\":\"SearchAction\",\"target\":{\"@type\":\"EntryPoint\",\"urlTemplate\":\"https:\/\/aufildesetudes.fr\/?s={search_term_string}\"},\"query-input\":{\"@type\":\"PropertyValueSpecification\",\"valueRequired\":true,\"valueName\":\"search_term_string\"}}],\"inLanguage\":\"fr-FR\"}]}<\/script>\n<!-- \/ Yoast SEO plugin. -->","yoast_head_json":{"title":"Au fil des \u00e9tudes -","robots":{"index":"index","follow":"follow","max-snippet":"max-snippet:-1","max-image-preview":"max-image-preview:large","max-video-preview":"max-video-preview:-1"},"canonical":"https:\/\/aufildesetudes.fr\/","og_locale":"fr_FR","og_type":"article","og_title":"Au fil des \u00e9tudes -","og_description":"Accompagnement scolaire et conseil en orientation NOUS CONTACTER AU 01 40 26 91 77 DU LUNDI AU VENDREDI DE 10 HEURES A 18 HEURES OU aufildesetudes.secretariat@gmail.com Depuis plus de 20 ans, Au fil des \u00e9tudes accompagne les \u00e9tudiants dans leurs \u00e9tudes et vers des formations personnalis\u00e9es, de la seconde au master 2. Accompagnement scolaire et [&hellip;]","og_url":"https:\/\/aufildesetudes.fr\/","article_modified_time":"2025-10-02T08:55:36+00:00","og_image":[{"url":"https:\/\/aufildesetudes.fr\/wp-content\/uploads\/2020\/10\/AFDE-logo.png"}],"twitter_card":"summary_large_image","twitter_misc":{"Dur\u00e9e de lecture estim\u00e9e":"2 minutes"},"schema":{"@context":"https:\/\/schema.org","@graph":[{"@type":"WebPage","@id":"https:\/\/aufildesetudes.fr\/","url":"https:\/\/aufildesetudes.fr\/","name":"Au fil des \u00e9tudes -","isPartOf":{"@id":"https:\/\/aufildesetudes.fr\/#website"},"primaryImageOfPage":{"@id":"https:\/\/aufildesetudes.fr\/#primaryimage"},"image":{"@id":"https:\/\/aufildesetudes.fr\/#primaryimage"},"thumbnailUrl":"https:\/\/aufildesetudes.fr\/wp-content\/uploads\/2020\/10\/AFDE-logo.png","datePublished":"2020-10-02T11:04:29+00:00","dateModified":"2025-10-02T08:55:36+00:00","breadcrumb":{"@id":"https:\/\/aufildesetudes.fr\/#breadcrumb"},"inLanguage":"fr-FR","potentialAction":[{"@type":"ReadAction","target":["https:\/\/aufildesetudes.fr\/"]}]},{"@type":"ImageObject","inLanguage":"fr-FR","@id":"https:\/\/aufildesetudes.fr\/#primaryimage","url":"https:\/\/aufildesetudes.fr\/wp-content\/uploads\/2020\/10\/AFDE-logo.png","contentUrl":"https:\/\/aufildesetudes.fr\/wp-content\/uploads\/2020\/10\/AFDE-logo.png"},{"@type":"BreadcrumbList","@id":"https:\/\/aufildesetudes.fr\/#breadcrumb","itemListElement":[{"@type":"ListItem","position":1,"name":"Accueil","item":"https:\/\/aufildesetudes.fr\/"},{"@type":"ListItem","position":2,"name":"Au fil des \u00e9tudes"}]},{"@type":"WebSite","@id":"https:\/\/aufildesetudes.fr\/#website","url":"https:\/\/aufildesetudes.fr\/","name":"","description":"","potentialAction":[{"@type":"SearchAction","target":{"@type":"EntryPoint","urlTemplate":"https:\/\/aufildesetudes.fr\/?s={search_term_string}"},"query-input":{"@type":"PropertyValueSpecification","valueRequired":true,"valueName":"search_term_string"}}],"inLanguage":"fr-FR"}]}},"_links":{"self":[{"href":"https:\/\/aufildesetudes.fr\/index.php\/wp-json\/wp\/v2\/pages\/49"}],"collection":[{"href":"https:\/\/aufildesetudes.fr\/index.php\/wp-json\/wp\/v2\/pages"}],"about":[{"href":"https:\/\/aufildesetudes.fr\/index.php\/wp-json\/wp\/v2\/types\/page"}],"author":[{"embeddable":true,"href":"https:\/\/aufildesetudes.fr\/index.php\/wp-json\/wp\/v2\/users\/1"}],"replies":[{"embeddable":true,"href":"https:\/\/aufildesetudes.fr\/index.php\/wp-json\/wp\/v2\/comments?post=49"}],"version-history":[{"count":48,"href":"https:\/\/aufildesetudes.fr\/index.php\/wp-json\/wp\/v2\/pages\/49\/revisions"}],"predecessor-version":[{"id":481,"href":"https:\/\/aufildesetudes.fr\/index.php\/wp-json\/wp\/v2\/pages\/49\/revisions\/481"}],"wp:attachment":[{"href":"https:\/\/aufildesetudes.fr\/index.php\/wp-json\/wp\/v2\/media?parent=49"}],"curies":[{"name":"wp","href":"https:\/\/api.w.org\/{rel}","templated":true}]}}